{"id":3,"date":"2023-05-18T06:13:47","date_gmt":"2023-05-18T06:13:47","guid":{"rendered":"https:\/\/wavestay.es\/?page_id=3"},"modified":"2024-11-11T08:41:40","modified_gmt":"2024-11-11T07:41:40","slug":"privacy-policy","status":"publish","type":"page","link":"https:\/\/wavestay.es\/sk\/privacy-policy\/","title":{"rendered":"Z\u00e1sady ochrany osobn\u00fdch \u00fadajov"},"content":{"rendered":"<div data-elementor-type=\"wp-page\" data-elementor-id=\"3\" class=\"elementor elementor-3\" data-elementor-post-type=\"page\">\n\t\t\t\t\t\t<section class=\"elementor-section elementor-top-section elementor-element elementor-element-26466a5d elementor-section-height-min-height elementor-section-items-bottom elementor-section-boxed elementor-section-height-default\" data-id=\"26466a5d\" data-element_type=\"section\" data-settings=\"{&quot;background_background&quot;:&quot;classic&quot;,&quot;jet_parallax_layout_list&quot;:[]}\">\n\t\t\t\t\t\t\t<div class=\"elementor-background-overlay\"><\/div>\n\t\t\t\t\t\t\t<div class=\"elementor-container elementor-column-gap-default\">\n\t\t\t\t\t<div class=\"elementor-column elementor-col-100 elementor-top-column elementor-element elementor-element-45378e95\" data-id=\"45378e95\" data-element_type=\"column\">\n\t\t\t<div class=\"elementor-widget-wrap elementor-element-populated\">\n\t\t\t\t\t\t<div class=\"elementor-element elementor-element-43aee70f elementor-widget elementor-widget-heading\" data-id=\"43aee70f\" data-element_type=\"widget\" data-widget_type=\"heading.default\">\n\t\t\t\t<div class=\"elementor-widget-container\">\n\t\t\t\t\t<h1 class=\"elementor-heading-title elementor-size-default\">Z\u00e1sady ochrany osobn\u00fdch \u00fadajov<\/h1>\t\t\t\t<\/div>\n\t\t\t\t<\/div>\n\t\t\t\t\t<\/div>\n\t\t<\/div>\n\t\t\t\t\t<\/div>\n\t\t<\/section>\n\t\t\t\t<section class=\"elementor-section elementor-top-section elementor-element elementor-element-16bc6123 elementor-section-stretched elementor-section-boxed elementor-section-height-default elementor-section-height-default elementor-invisible\" data-id=\"16bc6123\" data-element_type=\"section\" data-settings=\"{&quot;stretch_section&quot;:&quot;section-stretched&quot;,&quot;background_background&quot;:&quot;classic&quot;,&quot;animation&quot;:&quot;fadeIn&quot;,&quot;jet_parallax_layout_list&quot;:[{&quot;_id&quot;:&quot;7b488fd&quot;,&quot;jet_parallax_layout_image&quot;:{&quot;url&quot;:&quot;&quot;,&quot;id&quot;:&quot;&quot;,&quot;size&quot;:&quot;&quot;},&quot;jet_parallax_layout_image_tablet&quot;:{&quot;url&quot;:&quot;&quot;,&quot;id&quot;:&quot;&quot;,&quot;size&quot;:&quot;&quot;},&quot;jet_parallax_layout_image_mobile&quot;:{&quot;url&quot;:&quot;&quot;,&quot;id&quot;:&quot;&quot;,&quot;size&quot;:&quot;&quot;},&quot;jet_parallax_layout_speed&quot;:{&quot;unit&quot;:&quot;%&quot;,&quot;size&quot;:50,&quot;sizes&quot;:[]},&quot;jet_parallax_layout_type&quot;:&quot;scroll&quot;,&quot;jet_parallax_layout_direction&quot;:&quot;1&quot;,&quot;jet_parallax_layout_fx_direction&quot;:null,&quot;jet_parallax_layout_z_index&quot;:&quot;&quot;,&quot;jet_parallax_layout_bg_x&quot;:50,&quot;jet_parallax_layout_bg_x_tablet&quot;:&quot;&quot;,&quot;jet_parallax_layout_bg_x_mobile&quot;:&quot;&quot;,&quot;jet_parallax_layout_bg_y&quot;:50,&quot;jet_parallax_layout_bg_y_tablet&quot;:&quot;&quot;,&quot;jet_parallax_layout_bg_y_mobile&quot;:&quot;&quot;,&quot;jet_parallax_layout_bg_size&quot;:&quot;auto&quot;,&quot;jet_parallax_layout_bg_size_tablet&quot;:&quot;&quot;,&quot;jet_parallax_layout_bg_size_mobile&quot;:&quot;&quot;,&quot;jet_parallax_layout_animation_prop&quot;:&quot;transform&quot;,&quot;jet_parallax_layout_on&quot;:[&quot;desktop&quot;,&quot;tablet&quot;]}]}\">\n\t\t\t\t\t\t<div class=\"elementor-container elementor-column-gap-default\">\n\t\t\t\t\t<div class=\"elementor-column elementor-col-100 elementor-top-column elementor-element elementor-element-3a526fa5\" data-id=\"3a526fa5\" data-element_type=\"column\" data-settings=\"{&quot;background_background&quot;:&quot;classic&quot;}\">\n\t\t\t<div class=\"elementor-widget-wrap elementor-element-populated\">\n\t\t\t\t\t\t<div class=\"elementor-element elementor-element-7a76e343 elementor-widget elementor-widget-heading\" data-id=\"7a76e343\" data-element_type=\"widget\" data-widget_type=\"heading.default\">\n\t\t\t\t<div class=\"elementor-widget-container\">\n\t\t\t\t\t<h2 class=\"elementor-heading-title elementor-size-default\">Kto sme<\/h2>\t\t\t\t<\/div>\n\t\t\t\t<\/div>\n\t\t\t\t<div class=\"elementor-element elementor-element-405d60ef elementor-widget elementor-widget-text-editor\" data-id=\"405d60ef\" data-element_type=\"widget\" data-widget_type=\"text-editor.default\">\n\t\t\t\t<div class=\"elementor-widget-container\">\n\t\t\t\t\t\t\t\t\t<p>Adresa na\u0161ej webovej str\u00e1nky je: <a href=\"https:\/\/wavestay.es\/\">https:\/\/wavestay.es\/<\/a><\/p>\t\t\t\t\t\t\t\t<\/div>\n\t\t\t\t<\/div>\n\t\t\t\t<div class=\"elementor-element elementor-element-79027ffe elementor-widget elementor-widget-heading\" data-id=\"79027ffe\" data-element_type=\"widget\" data-widget_type=\"heading.default\">\n\t\t\t\t<div class=\"elementor-widget-container\">\n\t\t\t\t\t<h2 class=\"elementor-heading-title elementor-size-default\">Koment\u00e1re<\/h2>\t\t\t\t<\/div>\n\t\t\t\t<\/div>\n\t\t\t\t<div class=\"elementor-element elementor-element-222b1741 elementor-widget__width-initial elementor-widget elementor-widget-text-editor\" data-id=\"222b1741\" data-element_type=\"widget\" data-widget_type=\"text-editor.default\">\n\t\t\t\t<div class=\"elementor-widget-container\">\n\t\t\t\t\t\t\t\t\t<p>Ke\u010f n\u00e1v\u0161tevn\u00edci zanechaj\u00fa koment\u00e1re na str\u00e1nke, zhroma\u017e\u010fujeme \u00fadaje zobrazen\u00e9 vo formul\u00e1ri koment\u00e1rov, ako aj IP adresu n\u00e1v\u0161tevn\u00edka a re\u0165azec pou\u017e\u00edvate\u013esk\u00e9ho agenta prehliada\u010da, aby sme pomohli odhali\u0165 spam.<\/p><p>Anonymizovan\u00fd re\u0165azec vytvoren\u00fd z va\u0161ej e-mailovej adresy (naz\u00fdvan\u00fd aj hash) m\u00f4\u017ee by\u0165 poskytnut\u00fd slu\u017ebe Gravatar, aby ste zistili, \u010di ju pou\u017e\u00edvate. Z\u00e1sady ochrany osobn\u00fdch \u00fadajov slu\u017eby Gravatar s\u00fa k dispoz\u00edcii tu: https:\/\/automattic.com\/privacy\/. Po schv\u00e1len\u00ed v\u00e1\u0161ho koment\u00e1ra bude v\u00e1\u0161 profilov\u00fd obr\u00e1zok vidite\u013en\u00fd pre verejnos\u0165 v kontexte v\u00e1\u0161ho koment\u00e1ra.<\/p>\t\t\t\t\t\t\t\t<\/div>\n\t\t\t\t<\/div>\n\t\t\t\t<div class=\"elementor-element elementor-element-4488d371 elementor-widget elementor-widget-heading\" data-id=\"4488d371\" data-element_type=\"widget\" data-widget_type=\"heading.default\">\n\t\t\t\t<div class=\"elementor-widget-container\">\n\t\t\t\t\t<h2 class=\"elementor-heading-title elementor-size-default\">M\u00e9di\u00e1<\/h2>\t\t\t\t<\/div>\n\t\t\t\t<\/div>\n\t\t\t\t<div class=\"elementor-element elementor-element-4f55f2d0 elementor-widget__width-initial elementor-widget elementor-widget-text-editor\" data-id=\"4f55f2d0\" data-element_type=\"widget\" data-widget_type=\"text-editor.default\">\n\t\t\t\t<div class=\"elementor-widget-container\">\n\t\t\t\t\t\t\t\t\t<p>Ak odovzd\u00e1vate obr\u00e1zky na webov\u00fa str\u00e1nku, mali by ste sa vyhn\u00fa\u0165 nahr\u00e1vaniu obr\u00e1zkov s vlo\u017een\u00fdmi \u00fadajmi o polohe (EXIF GPS). N\u00e1v\u0161tevn\u00edci webovej str\u00e1nky si m\u00f4\u017eu stiahnu\u0165 a extrahova\u0165 ak\u00e9ko\u013evek \u00fadaje o polohe z obr\u00e1zkov na webovej str\u00e1nke.<\/p>\t\t\t\t\t\t\t\t<\/div>\n\t\t\t\t<\/div>\n\t\t\t\t<div class=\"elementor-element elementor-element-4df234b elementor-widget elementor-widget-heading\" data-id=\"4df234b\" data-element_type=\"widget\" data-widget_type=\"heading.default\">\n\t\t\t\t<div class=\"elementor-widget-container\">\n\t\t\t\t\t<h2 class=\"elementor-heading-title elementor-size-default\">Cookies<\/h2>\t\t\t\t<\/div>\n\t\t\t\t<\/div>\n\t\t\t\t<div class=\"elementor-element elementor-element-95777cd elementor-widget__width-initial elementor-widget elementor-widget-text-editor\" data-id=\"95777cd\" data-element_type=\"widget\" data-widget_type=\"text-editor.default\">\n\t\t\t\t<div class=\"elementor-widget-container\">\n\t\t\t\t\t\t\t\t\t<p>Ak na na\u0161ej str\u00e1nke zanech\u00e1te koment\u00e1r, m\u00f4\u017eete sa prihl\u00e1si\u0165 na ulo\u017eenie svojho mena, e-mailovej adresy a webovej str\u00e1nky do s\u00faborov cookie. S\u00fa to pre va\u0161e pohodlie, aby ste nemuseli znova vyp\u013a\u0148a\u0165 svoje \u00fadaje, ke\u010f zanech\u00e1te \u010fal\u0161\u00ed koment\u00e1r. Tieto cookies vydr\u017eia jeden rok.<\/p><p>Ak nav\u0161t\u00edvite na\u0161u prihlasovaciu str\u00e1nku, nastav\u00edme do\u010dasn\u00fd s\u00fabor cookie, ktor\u00fd ur\u010d\u00ed, \u010di v\u00e1\u0161 prehliada\u010d prij\u00edma s\u00fabory cookie. Tento s\u00fabor cookie neobsahuje \u017eiadne osobn\u00e9 \u00fadaje a po zatvoren\u00ed prehliada\u010da sa zahod\u00ed.<\/p><p>Ke\u010f sa prihl\u00e1site, nastav\u00edme tie\u017e nieko\u013eko s\u00faborov cookie na ulo\u017eenie va\u0161ich prihlasovac\u00edch inform\u00e1ci\u00ed a va\u0161ich mo\u017enost\u00ed zobrazenia obrazovky. Prihlasovacie s\u00fabory cookie trvaj\u00fa dva dni a s\u00fabory cookie mo\u017enost\u00ed obrazovky trvaj\u00fa jeden rok. Ak vyberiete mo\u017enos\u0165 \u201eZapam\u00e4ta\u0165 si ma\u201c, va\u0161e prihl\u00e1senie bude trva\u0165 dva t\u00fd\u017edne. Ak sa odhl\u00e1site zo svojho \u00fa\u010dtu, prihlasovacie s\u00fabory cookie bud\u00fa odstr\u00e1nen\u00e9.<\/p><p>Ak uprav\u00edte alebo zverejn\u00edte \u010dl\u00e1nok, vo va\u0161om prehliada\u010di sa ulo\u017e\u00ed dodato\u010dn\u00fd s\u00fabor cookie. Tento s\u00fabor cookie neobsahuje \u017eiadne osobn\u00e9 \u00fadaje a jednoducho ozna\u010duje ID pr\u00edspevku \u010dl\u00e1nku, ktor\u00fd ste pr\u00e1ve upravili. Jeho platnos\u0165 vypr\u0161\u00ed po 1 dni.<\/p><p>Vlo\u017een\u00fd obsah z in\u00fdch webov\u00fdch str\u00e1nok<\/p><p>\u010cl\u00e1nky na tejto str\u00e1nke m\u00f4\u017eu obsahova\u0165 vlo\u017een\u00fd obsah (napr. vide\u00e1, obr\u00e1zky, \u010dl\u00e1nky at\u010f.). Vlo\u017een\u00fd obsah z in\u00fdch webov\u00fdch str\u00e1nok sa spr\u00e1va \u00faplne rovnako, ako keby n\u00e1v\u0161tevn\u00edk nav\u0161t\u00edvil in\u00fa webov\u00fa str\u00e1nku.<\/p><p>Tieto webov\u00e9 str\u00e1nky m\u00f4\u017eu o v\u00e1s zhroma\u017e\u010fova\u0165 \u00fadaje, pou\u017e\u00edva\u0165 s\u00fabory cookie, vklada\u0165 \u010fal\u0161ie sledovanie tretej strany a monitorova\u0165 va\u0161u interakciu s t\u00fdmto vlo\u017een\u00fdm obsahom vr\u00e1tane sledovania va\u0161ej interakcie s vlo\u017een\u00fdm obsahom, ak m\u00e1te \u00fa\u010det a ste na danej webovej lokalite prihl\u00e1sen\u00ed.<\/p>\t\t\t\t\t\t\t\t<\/div>\n\t\t\t\t<\/div>\n\t\t\t\t<div class=\"elementor-element elementor-element-45babe1 elementor-widget elementor-widget-heading\" data-id=\"45babe1\" data-element_type=\"widget\" data-widget_type=\"heading.default\">\n\t\t\t\t<div class=\"elementor-widget-container\">\n\t\t\t\t\t<h2 class=\"elementor-heading-title elementor-size-default\">S k\u00fdm zdie\u013eame va\u0161e \u00fadaje<\/h2>\t\t\t\t<\/div>\n\t\t\t\t<\/div>\n\t\t\t\t<div class=\"elementor-element elementor-element-6ec19bf2 elementor-widget elementor-widget-text-editor\" data-id=\"6ec19bf2\" data-element_type=\"widget\" data-widget_type=\"text-editor.default\">\n\t\t\t\t<div class=\"elementor-widget-container\">\n\t\t\t\t\t\t\t\t\t<p>Ak po\u017eiadate o obnovenie hesla, va\u0161a IP adresa bude zahrnut\u00e1 v e-maile na obnovenie.<\/p>\t\t\t\t\t\t\t\t<\/div>\n\t\t\t\t<\/div>\n\t\t\t\t<div class=\"elementor-element elementor-element-495fdad1 elementor-widget elementor-widget-heading\" data-id=\"495fdad1\" data-element_type=\"widget\" data-widget_type=\"heading.default\">\n\t\t\t\t<div class=\"elementor-widget-container\">\n\t\t\t\t\t<h2 class=\"elementor-heading-title elementor-size-default\">Ako dlho uchov\u00e1vame va\u0161e \u00fadaje<\/h2>\t\t\t\t<\/div>\n\t\t\t\t<\/div>\n\t\t\t\t<div class=\"elementor-element elementor-element-56739809 elementor-widget elementor-widget-text-editor\" data-id=\"56739809\" data-element_type=\"widget\" data-widget_type=\"text-editor.default\">\n\t\t\t\t<div class=\"elementor-widget-container\">\n\t\t\t\t\t\t\t\t\t<p>Ak zanech\u00e1te koment\u00e1r, koment\u00e1r a jeho metad\u00e1ta sa uchovaj\u00fa na neur\u010dito. Je to preto, aby sme mohli automaticky rozpozna\u0165 a schv\u00e1li\u0165 ak\u00e9ko\u013evek n\u00e1sledn\u00e9 koment\u00e1re namiesto toho, aby sme ich zaradili do poradia na moderovanie.<\/p><p>Pre pou\u017e\u00edvate\u013eov, ktor\u00ed sa zaregistruj\u00fa na na\u0161ej webovej str\u00e1nke (ak existuj\u00fa), uklad\u00e1me osobn\u00e9 \u00fadaje, ktor\u00e9 n\u00e1m poskytn\u00fa, aj v ich pou\u017e\u00edvate\u013eskom profile. V\u0161etci pou\u017e\u00edvatelia m\u00f4\u017eu kedyko\u013evek zobrazi\u0165, upravi\u0165 alebo odstr\u00e1ni\u0165 svoje osobn\u00e9 \u00fadaje (okrem toho, \u017ee nem\u00f4\u017eu zmeni\u0165 svoje pou\u017e\u00edvate\u013esk\u00e9 meno). Spr\u00e1vcovia webov\u00fdch str\u00e1nok m\u00f4\u017eu tie\u017e zobrazi\u0165 a upravi\u0165 tieto inform\u00e1cie.<\/p>\t\t\t\t\t\t\t\t<\/div>\n\t\t\t\t<\/div>\n\t\t\t\t<div class=\"elementor-element elementor-element-3e10ab3d elementor-widget elementor-widget-heading\" data-id=\"3e10ab3d\" data-element_type=\"widget\" data-widget_type=\"heading.default\">\n\t\t\t\t<div class=\"elementor-widget-container\">\n\t\t\t\t\t<h2 class=\"elementor-heading-title elementor-size-default\">Ak\u00e9 pr\u00e1va m\u00e1te k svojim \u00fadajom<\/h2>\t\t\t\t<\/div>\n\t\t\t\t<\/div>\n\t\t\t\t<div class=\"elementor-element elementor-element-7a6081bb elementor-widget elementor-widget-text-editor\" data-id=\"7a6081bb\" data-element_type=\"widget\" data-widget_type=\"text-editor.default\">\n\t\t\t\t<div class=\"elementor-widget-container\">\n\t\t\t\t\t\t\t\t\t<p>Ak m\u00e1te \u00fa\u010det na tejto str\u00e1nke alebo ste pridali koment\u00e1re, m\u00f4\u017eete po\u017eiada\u0165 o zaslanie exportovan\u00e9ho s\u00faboru osobn\u00fdch \u00fadajov, ktor\u00e9 o v\u00e1s uchov\u00e1vame, vr\u00e1tane v\u0161etk\u00fdch \u00fadajov, ktor\u00e9 ste n\u00e1m poskytli. M\u00f4\u017eete tie\u017e po\u017eiada\u0165, aby sme vymazali v\u0161etky osobn\u00e9 \u00fadaje, ktor\u00e9 o v\u00e1s uchov\u00e1vame. To nezah\u0155\u0148a \u017eiadne \u00fadaje, ktor\u00e9 sme povinn\u00ed uchov\u00e1va\u0165 na administrat\u00edvne, pr\u00e1vne alebo bezpe\u010dnostn\u00e9 \u00fa\u010dely.<\/p>\t\t\t\t\t\t\t\t<\/div>\n\t\t\t\t<\/div>\n\t\t\t\t<div class=\"elementor-element elementor-element-11420adb elementor-widget elementor-widget-heading\" data-id=\"11420adb\" data-element_type=\"widget\" data-widget_type=\"heading.default\">\n\t\t\t\t<div class=\"elementor-widget-container\">\n\t\t\t\t\t<h2 class=\"elementor-heading-title elementor-size-default\">Kam posielame va\u0161e \u00fadaje<\/h2>\t\t\t\t<\/div>\n\t\t\t\t<\/div>\n\t\t\t\t<div class=\"elementor-element elementor-element-bdd4914 elementor-widget elementor-widget-text-editor\" data-id=\"bdd4914\" data-element_type=\"widget\" data-widget_type=\"text-editor.default\">\n\t\t\t\t<div class=\"elementor-widget-container\">\n\t\t\t\t\t\t\t\t\t<p>Koment\u00e1re n\u00e1v\u0161tevn\u00edkov m\u00f4\u017eu by\u0165 kontrolovan\u00e9 prostredn\u00edctvom slu\u017eby automatizovanej detekcie spamu.<\/p>\t\t\t\t\t\t\t\t<\/div>\n\t\t\t\t<\/div>\n\t\t\t\t\t<\/div>\n\t\t<\/div>\n\t\t\t\t\t<\/div>\n\t\t<\/section>\n\t\t\t\t<\/div>","protected":false},"excerpt":{"rendered":"<p>Who we are Our website address is: https:\/\/wavestay.es\/ Comments When visitors leave comments on the site we collect the data shown in the comments form, and also the visitor\u2019s IP address and browser user agent string to help spam detection. An anonymized string created from your email address (also called a hash) may be provided [&hellip;]<\/p>","protected":false},"author":292,"featured_media":0,"parent":0,"menu_order":0,"comment_status":"closed","ping_status":"open","template":"","meta":{"_acf_changed":false,"footnotes":""},"class_list":["post-3","page","type-page","status-publish","hentry"],"acf":[],"_links":{"self":[{"href":"https:\/\/wavestay.es\/sk\/wp-json\/wp\/v2\/pages\/3","targetHints":{"allow":["GET"]}}],"collection":[{"href":"https:\/\/wavestay.es\/sk\/wp-json\/wp\/v2\/pages"}],"about":[{"href":"https:\/\/wavestay.es\/sk\/wp-json\/wp\/v2\/types\/page"}],"author":[{"embeddable":true,"href":"https:\/\/wavestay.es\/sk\/wp-json\/wp\/v2\/users\/292"}],"replies":[{"embeddable":true,"href":"https:\/\/wavestay.es\/sk\/wp-json\/wp\/v2\/comments?post=3"}],"version-history":[{"count":15,"href":"https:\/\/wavestay.es\/sk\/wp-json\/wp\/v2\/pages\/3\/revisions"}],"predecessor-version":[{"id":197216,"href":"https:\/\/wavestay.es\/sk\/wp-json\/wp\/v2\/pages\/3\/revisions\/197216"}],"wp:attachment":[{"href":"https:\/\/wavestay.es\/sk\/wp-json\/wp\/v2\/media?parent=3"}],"curies":[{"name":"wp","href":"https:\/\/api.w.org\/{rel}","templated":true}]}}